{"id":54,"date":"2019-03-03T10:14:25","date_gmt":"2019-03-03T10:14:25","guid":{"rendered":"https:\/\/demo.gloriathemes.com\/arven\/light-demo\/?page_id=54"},"modified":"2021-01-09T16:04:56","modified_gmt":"2021-01-09T15:04:56","slug":"home-1","status":"publish","type":"page","link":"http:\/\/www.christopherkulins.com\/","title":{"rendered":"Home 1 &#8211; Slider"},"content":{"rendered":"<div class=\"wpb-content-wrapper\"><p>[vc_row full_width=&#8220;stretch_row_content_no_spaces&#8220;][vc_column]<div class=\"gt-showcase gt-showcase--1\" style=\"height: 100vh;\"><div class=\"gt-slider gt-slider--overlay\" style=\"height: 100vh;\"><div class=\"swiper-container gt-slider-container\" data-gt-speed=\"1000\" data-gt-loop=\"true\" data-gt-direction=\"horizontal\" data-gt-item=\"1\" data-gt-item-space=\"0\" data-gt-parallax=\"true\" data-gt-lazy-loading=\"false\"><div class=\"swiper-wrapper\"><div class=\"swiper-slide\"><div class=\"gt-overlay\" style=\"background-color:#191919; opacity:0;\"><\/div><div class=\"gt-slider__image gt-background-position-default gt-background-attachment-default gt-background-size-default gt-background-repeat-default\" style=\"background-image: url(http:\/\/www.christopherkulins.com\/wp-content\/uploads\/2020\/03\/Auto_vor_Berg-1920x1200.jpg)\" data-swiper-parallax=\"50%\"><\/div><div class=\"gt-slider__content\"><div class=\"gt-showcase__caption\"><h2>30.000 Kilometer Landstra\u00dfe durch Europa<\/h2><p class=\"lead\">20 L\u00e4nder, 6 Wochen, 2 beste Freunde und ein altes Rallye Auto. Begleitet uns auf dem Weg von Hannover per Landstra\u00dfe bis nach Istanbul.<\/p><a href=\"http:\/\/www.christopherkulins.com\/roadtrip-gallery\" target=\"_parent\" class=\"gt-btn\">Fotos Roadtrip<\/a><\/div><\/div><\/div><div class=\"swiper-slide\"><div class=\"gt-overlay\" style=\"background-color:#191919; opacity:0;\"><\/div><div class=\"gt-slider__image gt-background-position-default gt-background-attachment-default gt-background-size-default gt-background-repeat-default\" style=\"background-image: url(http:\/\/www.christopherkulins.com\/wp-content\/uploads\/2019\/03\/DSF3463-1920x1200.jpg)\" data-swiper-parallax=\"50%\"><\/div><div class=\"gt-slider__content\"><div class=\"gt-showcase__caption\"><h2>One Way Around the World<\/h2><p class=\"lead\">Ob Kuba, Nepal oder Guatemala \u2013 In einem Mix aus bekannten und weniger bekannten Reisezielen, aus \u00dcbernachtungen im Zelt, Mehrbettzimmern und fremden Sofas, mal alleine, mal in Begleitung geht\u2019s von Hannover einmal um die Welt.<\/p><a href=\"http:\/\/www.christopherkulins.com\/worldtrip-gallery\" target=\"_parent\" class=\"gt-btn\">Fotos Worldtrip<\/a><\/div><\/div><\/div><div class=\"swiper-slide\"><div class=\"gt-overlay\" style=\"background-color:#191919; opacity:0.2;\"><\/div><div class=\"gt-slider__image gt-background-position-default gt-background-attachment-default gt-background-size-default gt-background-repeat-default\" style=\"background-image: url(http:\/\/www.christopherkulins.com\/wp-content\/uploads\/2020\/12\/LeanLab_4-66-1920x1200.jpg)\" data-swiper-parallax=\"50%\"><\/div><div class=\"gt-slider__content\"><div class=\"gt-showcase__caption\"><h2>Keynote Speaker &lt;br&gt;  - Dr. Christopher Kulins<\/h2><p class=\"lead\">Silicon Valley, Tel Aviv oder an der Oxford University \u2013 Als erfahrener Speaker \u00fcberpr\u00fcft Dr. Christopher Kulins die Wirksamkeit popul\u00e4rer Management Empfehlungen nach agilen Strukturen oder mehr Kundenzentrierung mit den Ergebnissen aktueller Spitzenforschung.<\/p><a href=\"http:\/\/www.christopherkulins.com\/?page_id=11581\" target=\"_parent\" class=\"gt-btn\">Details<\/a><\/div><\/div><\/div><\/div><div class=\"gt-slider__controls\"><div class=\"gt-slider__prev\"><div class=\"gt-icon\"><svg width=\"16\" height=\"16\" xmlns=\"https:\/\/www.w3.org\/2000\/svg\"><path d=\"M3.414 7l5.293-5.293A1 1 0 0 0 7.293.293l-7 7a1 1 0 0 0 0 1.414l7 7a1 1 0 1 0 1.414-1.414L3.414 9H15a1 1 0 0 0 0-2H3.414z\" fill=\"#000\" fill-rule=\"nonzero\"\/><\/svg><\/div><\/div><div class=\"gt-slider__pagination\"><\/div><div class=\"gt-slider__next\"><div class=\"gt-icon\"><svg width=\"16\" height=\"16\" xmlns=\"https:\/\/www.w3.org\/2000\/svg\"><path d=\"M12.586 9l-5.293 5.293a1 1 0 0 0 1.414 1.414l7-7a1 1 0 0 0 0-1.414l-7-7a1 1 0 0 0-1.414 1.414L12.586 7H1a1 1 0 0 0 0 2h11.586z\" fill=\"#000\" fill-rule=\"nonzero\"\/><\/svg><\/div><\/div><\/div><\/div><\/div><\/div>[\/vc_column][\/vc_row]<\/p>\n<\/div>","protected":false},"excerpt":{"rendered":"<p>[vc_row full_width=&#8220;stretch_row_content_no_spaces&#8220;][vc_column][\/vc_column][\/vc_row]<\/p>\n","protected":false},"author":1,"featured_media":0,"parent":0,"menu_order":0,"comment_status":"closed","ping_status":"closed","template":"","meta":{"footnotes":""},"class_list":["post-54","page","type-page","status-publish","hentry"],"_links":{"self":[{"href":"http:\/\/www.christopherkulins.com\/index.php?rest_route=\/wp\/v2\/pages\/54","targetHints":{"allow":["GET"]}}],"collection":[{"href":"http:\/\/www.christopherkulins.com\/index.php?rest_route=\/wp\/v2\/pages"}],"about":[{"href":"http:\/\/www.christopherkulins.com\/index.php?rest_route=\/wp\/v2\/types\/page"}],"author":[{"embeddable":true,"href":"http:\/\/www.christopherkulins.com\/index.php?rest_route=\/wp\/v2\/users\/1"}],"replies":[{"embeddable":true,"href":"http:\/\/www.christopherkulins.com\/index.php?rest_route=%2Fwp%2Fv2%2Fcomments&post=54"}],"version-history":[{"count":56,"href":"http:\/\/www.christopherkulins.com\/index.php?rest_route=\/wp\/v2\/pages\/54\/revisions"}],"predecessor-version":[{"id":11702,"href":"http:\/\/www.christopherkulins.com\/index.php?rest_route=\/wp\/v2\/pages\/54\/revisions\/11702"}],"wp:attachment":[{"href":"http:\/\/www.christopherkulins.com\/index.php?rest_route=%2Fwp%2Fv2%2Fmedia&parent=54"}],"curies":[{"name":"wp","href":"https:\/\/api.w.org\/{rel}","templated":true}]}}